{"id":120,"date":"2024-12-11T13:39:53","date_gmt":"2024-12-11T13:39:53","guid":{"rendered":"https:\/\/tinaban.com\/en\/?page_id=120"},"modified":"2025-03-25T13:19:37","modified_gmt":"2025-03-25T13:19:37","slug":"home","status":"publish","type":"page","link":"https:\/\/tinaban.com\/en\/","title":{"rendered":"Home"},"content":{"rendered":"<p>[et_pb_section fb_built=&#8221;1&#8243; admin_label=&#8221;Header&#8221; _builder_version=&#8221;4.20.0&#8243; _module_preset=&#8221;default&#8221; background_color=&#8221;#F9F6F1&#8243; use_background_color_gradient=&#8221;on&#8221; background_color_gradient_direction=&#8221;90deg&#8221; background_color_gradient_stops=&#8221;rgba(255,255,255,0) 37%|#ffffff 37%&#8221; background_color_gradient_overlays_image=&#8221;on&#8221; background_enable_image=&#8221;off&#8221; custom_padding=&#8221;||1px|||&#8221; background_last_edited=&#8221;on|desktop&#8221; background_color_gradient_direction_tablet=&#8221;-180deg&#8221; locked=&#8221;off&#8221; collapsed=&#8221;on&#8221; global_colors_info=&#8221;{}&#8221;][et_pb_row column_structure=&#8221;1_3,2_3&#8243; _builder_version=&#8221;4.20.0&#8243; _module_preset=&#8221;default&#8221; global_colors_info=&#8221;{}&#8221;][et_pb_column type=&#8221;1_3&#8243; _builder_version=&#8221;4.20.0&#8243; _module_preset=&#8221;default&#8221; global_colors_info=&#8221;{}&#8221;][et_pb_image src=&#8221;https:\/\/tinaban.com\/en\/wp-content\/uploads\/2025\/02\/Tina-about-me-scaled.jpg&#8221; title_text=&#8221;Tina about me&#8221; _builder_version=&#8221;4.27.0&#8243; _module_preset=&#8221;default&#8221; max_height_tablet=&#8221;300px&#8221; max_height_phone=&#8221;300px&#8221; max_height_last_edited=&#8221;on|tablet&#8221; global_colors_info=&#8221;{}&#8221;][\/et_pb_image][\/et_pb_column][et_pb_column type=&#8221;2_3&#8243; _builder_version=&#8221;4.20.0&#8243; _module_preset=&#8221;default&#8221; global_colors_info=&#8221;{}&#8221;][et_pb_text _builder_version=&#8221;4.27.0&#8243; _module_preset=&#8221;default&#8221; header_font=&#8221;Belleza||||||||&#8221; custom_padding=&#8221;|||15px||&#8221; global_colors_info=&#8221;{}&#8221;]<\/p>\n<h1 style=\"text-align: left;\">ABOUT ME<\/h1>\n<p>[\/et_pb_text][et_pb_text _builder_version=&#8221;4.27.0&#8243; _module_preset=&#8221;75e63019-411a-455f-a8b5-27382dbf0bc8&#8243; text_font=&#8221;||||||||&#8221; custom_margin=&#8221;-22px|||18px||&#8221; global_colors_info=&#8221;{}&#8221;]<\/p>\n<p style=\"text-align: justify;\">Hi. My name is Tina. I am a dedicated coach, lecturer, and <a href=\"https:\/\/plus.cobiss.net\/cobiss\/si\/sl\/bib\/search?q=tina+ban&amp;db=cobib&amp;mat=allmaterials\"><strong><em>published author <\/em><\/strong><\/a>with a PhD in Sociology. Drawing on my background in higher education, publishing, and tourism, I am passionate about empowering individuals to achieve emotional, intellectual, and spiritual growth, helping them unlock their true potential and thrive.<\/p>\n<p style=\"text-align: justify;\">Having completed my <a href=\"https:\/\/tinaban.com\/en\/wp-content\/uploads\/2025\/01\/IMG_20250116_151230755-scaled.jpg\"><strong><em>ICF-accredited program<\/em><\/strong><\/a>, for coaching,\u00a0 I assist clients in navigating personal challenges in relationships, health, career, and education. Whether you&#8217;re managing complex projects or striving to achieve and realize your future vision, my goal is to help you achieve success more effectively and efficiently &#8211; empowering you to design and live the life you aspire.<\/p>\n<p style=\"text-align: justify;\">In addition, I lead specialized cross-cultural training sessions for businesses, educational institutions, and individuals. Such sessions are tailored for foreigners who wish to enhance their understanding of Slovenian culture, providing insights that facilitate smoother business operations, collaboration, and navigation of daily life in Slovenia.<\/p>\n<p style=\"text-align: justify;\">Let\u2019s connect to explore how I can support your journey toward personal growth, professional success, or intercultural understanding.<\/p>\n<p>[\/et_pb_text][et_pb_button button_url=&#8221;https:\/\/tinaban.com\/en\/contact\/&#8221; url_new_window=&#8221;on&#8221; button_text=&#8221;GET IN TOUCH&#8221; button_alignment=&#8221;center&#8221; _builder_version=&#8221;4.27.0&#8243; _module_preset=&#8221;default&#8221; custom_button=&#8221;on&#8221; button_text_size=&#8221;17px&#8221; button_text_color=&#8221;#F9F6F1&#8243; button_bg_color=&#8221;#B3775F&#8221; button_border_width=&#8221;10px&#8221; button_border_color=&#8221;#B3775F&#8221; button_border_radius=&#8221;40px&#8221; button_font=&#8221;Belleza|700||on|||||&#8221; hover_enabled=&#8221;0&#8243; global_colors_info=&#8221;{}&#8221; sticky_enabled=&#8221;0&#8243;][\/et_pb_button][\/et_pb_column][\/et_pb_row][\/et_pb_section][et_pb_section fb_built=&#8221;1&#8243; admin_label=&#8221;About&#8221; _builder_version=&#8221;4.20.0&#8243; _module_preset=&#8221;default&#8221; background_color=&#8221;gcid-1c7f682d-c09a-42e9-8b1c-535ba676533f&#8221; custom_margin=&#8221;||||false|false&#8221; custom_padding=&#8221;40px||40px||true|false&#8221; collapsed=&#8221;on&#8221; global_colors_info=&#8221;{%22gcid-1c7f682d-c09a-42e9-8b1c-535ba676533f%22:%91%22background_color%22%93}&#8221;][et_pb_row _builder_version=&#8221;4.27.0&#8243; _module_preset=&#8221;default&#8221; width=&#8221;90%&#8221; max_width=&#8221;2000px&#8221; custom_padding=&#8221;2px||7px|||&#8221; global_colors_info=&#8221;{}&#8221;][et_pb_column type=&#8221;4_4&#8243; _builder_version=&#8221;4.27.0&#8243; _module_preset=&#8221;default&#8221; global_colors_info=&#8221;{}&#8221;][et_pb_image src=&#8221;https:\/\/tinaban.com\/en\/wp-content\/uploads\/2024\/12\/Tina-crta-barvno-manjsa-roza.png&#8221; alt=&#8221;Tina Ban izobra\u017eevanje&#8221; title_text=&#8221;Tina \u010drta barvno manj\u0161a ro\u017ea&#8221; _builder_version=&#8221;4.27.0&#8243; _module_preset=&#8221;default&#8221; global_colors_info=&#8221;{}&#8221;][\/et_pb_image][\/et_pb_column][\/et_pb_row][et_pb_row _builder_version=&#8221;4.27.0&#8243; _module_preset=&#8221;default&#8221; global_colors_info=&#8221;{}&#8221;][et_pb_column type=&#8221;4_4&#8243; _builder_version=&#8221;4.27.0&#8243; _module_preset=&#8221;default&#8221; global_colors_info=&#8221;{}&#8221;][et_pb_text _builder_version=&#8221;4.27.0&#8243; _module_preset=&#8221;default&#8221; header_font=&#8221;Belleza||||||||&#8221; global_colors_info=&#8221;{}&#8221;]<\/p>\n<h1 style=\"text-align: center;\">SERVICES<\/h1>\n<p>[\/et_pb_text][\/et_pb_column][\/et_pb_row][et_pb_row column_structure=&#8221;1_2,1_2&#8243; _builder_version=&#8221;4.27.0&#8243; _module_preset=&#8221;default&#8221; width=&#8221;85%&#8221; max_width=&#8221;2000px&#8221; global_colors_info=&#8221;{}&#8221;][et_pb_column type=&#8221;1_2&#8243; _builder_version=&#8221;4.27.0&#8243; _module_preset=&#8221;default&#8221; global_colors_info=&#8221;{}&#8221;][et_pb_image src=&#8221;https:\/\/tinaban.com\/en\/wp-content\/uploads\/2025\/02\/COACHING.png&#8221; alt=&#8221;COACHING&#8221; title_text=&#8221;COACHING&#8221; _builder_version=&#8221;4.27.0&#8243; _module_preset=&#8221;default&#8221; global_colors_info=&#8221;{}&#8221;][\/et_pb_image][et_pb_text _builder_version=&#8221;4.27.0&#8243; _module_preset=&#8221;default&#8221; text_font=&#8221;||||||||&#8221; text_font_size=&#8221;16px&#8221; header_font=&#8221;Belleza||||||||&#8221; global_colors_info=&#8221;{}&#8221;]<\/p>\n<h1 style=\"text-align: center;\">COACHING<\/h1>\n<p>[\/et_pb_text][et_pb_text _builder_version=&#8221;4.27.0&#8243; _module_preset=&#8221;75e63019-411a-455f-a8b5-27382dbf0bc8&#8243; text_font=&#8221;||||||||&#8221; custom_margin=&#8221;-22px|||18px||&#8221; global_colors_info=&#8221;{}&#8221;]<\/p>\n<p style=\"text-align: justify;\">For Foreigners living in Slovenia and International Clientele<\/p>\n<p>[\/et_pb_text][et_pb_text _builder_version=&#8221;4.27.0&#8243; _module_preset=&#8221;75e63019-411a-455f-a8b5-27382dbf0bc8&#8243; text_font=&#8221;||||||||&#8221; custom_margin=&#8221;-22px|||18px||&#8221; global_colors_info=&#8221;{}&#8221;]<\/p>\n<p style=\"text-align: left;\">Provision of supportive and personalized coaching sessions to assist in:<\/p>\n<p style=\"text-align: left;\">&#8211; Overcoming obstacles and achieving goals.<br \/>&#8211; Gaining practical tools for personal and professional development.<br \/>&#8211; Development of a clear and inspiring vision for your future.<br \/>&#8211; Formulation of tailored strategies that lead to sustainable progress and lasting change.<\/p>\n<p>[\/et_pb_text][et_pb_button button_url=&#8221;https:\/\/tinaban.com\/en\/coaching\/&#8221; url_new_window=&#8221;on&#8221; button_text=&#8221;SHOW MORE&#8221; button_alignment=&#8221;center&#8221; _builder_version=&#8221;4.27.0&#8243; _module_preset=&#8221;default&#8221; custom_button=&#8221;on&#8221; button_text_size=&#8221;17px&#8221; button_text_color=&#8221;#FFFFFF&#8221; button_bg_color=&#8221;#B3775F&#8221; button_border_width=&#8221;8px&#8221; button_border_color=&#8221;#B3775F&#8221; button_border_radius=&#8221;50px&#8221; button_font=&#8221;Belleza|700|||||||&#8221; global_colors_info=&#8221;{}&#8221;][\/et_pb_button][\/et_pb_column][et_pb_column type=&#8221;1_2&#8243; _builder_version=&#8221;4.27.0&#8243; _module_preset=&#8221;default&#8221; global_colors_info=&#8221;{}&#8221;][et_pb_image src=&#8221;https:\/\/tinaban.com\/en\/wp-content\/uploads\/2025\/02\/COACHING.png&#8221; alt=&#8221;COACHING&#8221; title_text=&#8221;COACHING&#8221; _builder_version=&#8221;4.27.0&#8243; _module_preset=&#8221;default&#8221; global_colors_info=&#8221;{}&#8221;][\/et_pb_image][et_pb_text _builder_version=&#8221;4.27.0&#8243; _module_preset=&#8221;default&#8221; header_font=&#8221;Belleza||||||||&#8221; global_colors_info=&#8221;{}&#8221;]<\/p>\n<h1 style=\"text-align: center;\">BRIDGING BORDERS<\/h1>\n<p>[\/et_pb_text][et_pb_text _builder_version=&#8221;4.27.0&#8243; _module_preset=&#8221;75e63019-411a-455f-a8b5-27382dbf0bc8&#8243; text_font=&#8221;||||||||&#8221; custom_margin=&#8221;-22px|||18px||&#8221; global_colors_info=&#8221;{}&#8221;]<\/p>\n<p style=\"text-align: justify;\">Navigating Business and Culture in Slovenia<\/p>\n<p>[\/et_pb_text][et_pb_text _builder_version=&#8221;4.27.0&#8243; _module_preset=&#8221;75e63019-411a-455f-a8b5-27382dbf0bc8&#8243; text_font=&#8221;||||||||&#8221; custom_margin=&#8221;-22px|||18px||&#8221; global_colors_info=&#8221;{}&#8221;]<\/p>\n<p style=\"text-align: justify;\">A cross-cultural training program for foreigners who wish to:<\/p>\n<p style=\"text-align: justify;\">&#8211; Gain a deeper understanding of Slovenian culture (values, traditions, and perspectives).<br \/>&#8211; Improve communication with Slovenian business partners and colleagues.<br \/>&#8211; Develop strategies to address and resolve cultural misunderstandings effectively.<br \/>&#8211; Navigate Slovenian daily life with greater ease and confidence.<\/p>\n<p>[\/et_pb_text][et_pb_button button_url=&#8221;https:\/\/tinaban.com\/en\/cross-cultural-training\/&#8221; url_new_window=&#8221;on&#8221; button_text=&#8221;SHOW MORE&#8221; button_alignment=&#8221;center&#8221; _builder_version=&#8221;4.27.0&#8243; _module_preset=&#8221;default&#8221; custom_button=&#8221;on&#8221; button_text_size=&#8221;17px&#8221; button_text_color=&#8221;#FFFFFF&#8221; button_bg_color=&#8221;#B3775F&#8221; button_border_width=&#8221;8px&#8221; button_border_color=&#8221;#B3775F&#8221; button_border_radius=&#8221;50px&#8221; button_font=&#8221;Belleza|700|||||||&#8221; global_colors_info=&#8221;{}&#8221;][\/et_pb_button][\/et_pb_column][\/et_pb_row][et_pb_row _builder_version=&#8221;4.27.0&#8243; _module_preset=&#8221;default&#8221; global_colors_info=&#8221;{}&#8221;][et_pb_column type=&#8221;4_4&#8243; _builder_version=&#8221;4.27.0&#8243; _module_preset=&#8221;default&#8221; global_colors_info=&#8221;{}&#8221;][et_pb_social_media_follow _builder_version=&#8221;4.27.0&#8243; _module_preset=&#8221;default&#8221; text_orientation=&#8221;center&#8221; global_colors_info=&#8221;{}&#8221;][et_pb_social_media_follow_network social_network=&#8221;youtube&#8221; use_icon_font_size=&#8221;on&#8221; icon_font_size=&#8221;17px&#8221; _builder_version=&#8221;4.27.0&#8243; _module_preset=&#8221;default&#8221; background_color=&#8221;#B3775F&#8221; background_enable_color=&#8221;on&#8221; global_colors_info=&#8221;{}&#8221; follow_button=&#8221;off&#8221; url_new_window=&#8221;on&#8221;]youtube[\/et_pb_social_media_follow_network][\/et_pb_social_media_follow][\/et_pb_column][\/et_pb_row][\/et_pb_section]<\/p>\n","protected":false},"excerpt":{"rendered":"<p>ABOUT MEHi. My name is Tina. I am a dedicated coach, lecturer, and published author with a PhD in Sociology. Drawing on my background in higher education, publishing, and tourism, I am passionate about empowering individuals to achieve emotional, intellectual, and spiritual growth, helping them unlock their true potential and thrive. Having completed my ICF-accredited [&hellip;]<\/p>\n","protected":false},"author":1,"featured_media":76,"parent":0,"menu_order":0,"comment_status":"closed","ping_status":"closed","template":"","meta":{"_et_pb_use_builder":"on","_et_pb_old_content":"","_et_gb_content_width":"","footnotes":""},"class_list":["post-120","page","type-page","status-publish","has-post-thumbnail","hentry"],"_links":{"self":[{"href":"https:\/\/tinaban.com\/en\/wp-json\/wp\/v2\/pages\/120","targetHints":{"allow":["GET"]}}],"collection":[{"href":"https:\/\/tinaban.com\/en\/wp-json\/wp\/v2\/pages"}],"about":[{"href":"https:\/\/tinaban.com\/en\/wp-json\/wp\/v2\/types\/page"}],"author":[{"embeddable":true,"href":"https:\/\/tinaban.com\/en\/wp-json\/wp\/v2\/users\/1"}],"replies":[{"embeddable":true,"href":"https:\/\/tinaban.com\/en\/wp-json\/wp\/v2\/comments?post=120"}],"version-history":[{"count":33,"href":"https:\/\/tinaban.com\/en\/wp-json\/wp\/v2\/pages\/120\/revisions"}],"predecessor-version":[{"id":405,"href":"https:\/\/tinaban.com\/en\/wp-json\/wp\/v2\/pages\/120\/revisions\/405"}],"wp:featuredmedia":[{"embeddable":true,"href":"https:\/\/tinaban.com\/en\/wp-json\/wp\/v2\/media\/76"}],"wp:attachment":[{"href":"https:\/\/tinaban.com\/en\/wp-json\/wp\/v2\/media?parent=120"}],"curies":[{"name":"wp","href":"https:\/\/api.w.org\/{rel}","templated":true}]}}