{"id":378,"date":"2025-02-10T16:39:51","date_gmt":"2025-02-10T16:39:51","guid":{"rendered":"https:\/\/tinaban.com\/en\/?page_id=378"},"modified":"2025-03-25T13:20:36","modified_gmt":"2025-03-25T13:20:36","slug":"cross-cultural-training","status":"publish","type":"page","link":"https:\/\/tinaban.com\/en\/cross-cultural-training\/","title":{"rendered":"Cross-cultural training"},"content":{"rendered":"<p>[et_pb_section fb_built=&#8221;1&#8243; admin_label=&#8221;Header&#8221; _builder_version=&#8221;4.20.0&#8243; _module_preset=&#8221;default&#8221; background_color=&#8221;#F9F6F1&#8243; use_background_color_gradient=&#8221;on&#8221; background_color_gradient_direction=&#8221;90deg&#8221; background_color_gradient_stops=&#8221;rgba(255,255,255,0) 37%|#ffffff 37%&#8221; background_color_gradient_overlays_image=&#8221;on&#8221; background_enable_image=&#8221;off&#8221; custom_padding=&#8221;||0px|||&#8221; background_last_edited=&#8221;on|desktop&#8221; background_color_gradient_direction_tablet=&#8221;-180deg&#8221; locked=&#8221;off&#8221; collapsed=&#8221;on&#8221; global_colors_info=&#8221;{}&#8221;][et_pb_row column_structure=&#8221;1_3,2_3&#8243; _builder_version=&#8221;4.27.0&#8243; _module_preset=&#8221;default&#8221; width=&#8221;90%&#8221; max_width=&#8221;2000px&#8221; custom_margin=&#8221;26px|auto||auto||&#8221; custom_padding=&#8221;4px||3px|||&#8221; global_colors_info=&#8221;{}&#8221;][et_pb_column type=&#8221;1_3&#8243; _builder_version=&#8221;4.20.0&#8243; _module_preset=&#8221;default&#8221; global_colors_info=&#8221;{}&#8221;][et_pb_image src=&#8221;https:\/\/tinaban.com\/en\/wp-content\/uploads\/2025\/02\/BRIDGING-BORDERS-scaled.jpg&#8221; alt=&#8221;Dose\u017eimo va\u0161e cilje skupaj dr. Tina Ban&#8221; title_text=&#8221;BRIDGING BORDERS&#8221; _builder_version=&#8221;4.27.0&#8243; _module_preset=&#8221;default&#8221; max_height_tablet=&#8221;300px&#8221; max_height_phone=&#8221;300px&#8221; max_height_last_edited=&#8221;on|tablet&#8221; global_colors_info=&#8221;{}&#8221;][\/et_pb_image][\/et_pb_column][et_pb_column type=&#8221;2_3&#8243; _builder_version=&#8221;4.20.0&#8243; _module_preset=&#8221;default&#8221; global_colors_info=&#8221;{}&#8221;][et_pb_text _builder_version=&#8221;4.27.0&#8243; _module_preset=&#8221;27f10a74-a87f-4a3f-ad7f-76d8e85bad0c&#8221; header_font_size=&#8221;30px&#8221; custom_margin=&#8221;1px||30px|18px||&#8221; custom_padding=&#8221;34px|||||&#8221; global_colors_info=&#8221;{}&#8221;]<\/p>\n<h1>BRIDGING BORDERS<\/h1>\n<p>[\/et_pb_text][et_pb_text _builder_version=&#8221;4.27.0&#8243; _module_preset=&#8221;6958b0a1-c4a6-4ff2-996c-f5a3ea081a26&#8243; text_font=&#8221;||||||||&#8221; custom_margin=&#8221;|||17px||&#8221; global_colors_info=&#8221;{}&#8221;]<\/p>\n<p style=\"text-align: justify;\"><strong>Cross-cultural Training for Navigating Business and Culture in Slovenia<\/strong><\/p>\n<p style=\"text-align: justify;\">For foreigners who are living or doing business in Slovenia, effective cross-cultural communication is key to creating strong relationships and meaningful connections. Our training provides the tools to navigate Slovenian culture, challenge stereotypes, and communicate clearly with local residents, businesses, and public institutions. You\u2019ll gain a deeper understanding of Slovenian partners, employees and clients, build both a professional and personal rapport, and confidently handle the complexities that arise when adapting to a new cultural environment.<\/p>\n<p style=\"text-align: justify;\">My foundational knowledge in cultural studies was acquired during my doctoral studies at the Department of Sociology of Culture, Faculty of Arts, University of Ljubljana. I have since built on this expertise by teaching courses in cultural diversity and tourism at the Erudio Higher Vocational School, where I have been working as an external lecturer for iover 10 years. For over twenty years, I have been refining my cross-cultural communication skills through both my work in tourism and my personal experience in a multicultural family.<\/p>\n<p>[\/et_pb_text][\/et_pb_column][\/et_pb_row][\/et_pb_section][et_pb_section fb_built=&#8221;1&#8243; _builder_version=&#8221;4.27.0&#8243; _module_preset=&#8221;default&#8221; background_color=&#8221;#F9F6F1&#8243; custom_padding=&#8221;8px||16px|||&#8221; global_colors_info=&#8221;{}&#8221;][et_pb_row _builder_version=&#8221;4.27.0&#8243; _module_preset=&#8221;default&#8221; width=&#8221;90%&#8221; max_width=&#8221;2000px&#8221; global_colors_info=&#8221;{}&#8221;][et_pb_column type=&#8221;4_4&#8243; _builder_version=&#8221;4.27.0&#8243; _module_preset=&#8221;default&#8221; global_colors_info=&#8221;{}&#8221;][et_pb_text _builder_version=&#8221;4.27.0&#8243; _module_preset=&#8221;6958b0a1-c4a6-4ff2-996c-f5a3ea081a26&#8243; text_font=&#8221;||||||||&#8221; custom_margin=&#8221;|||17px||&#8221; global_colors_info=&#8221;{}&#8221;]<\/p>\n<p><strong>Training Program:<\/strong><\/p>\n<p>\u2022 Exploring Slovenian cultural values, traditions, and communication styles<br \/>\u2022 Developing verbal and non-verbal communication skills for effective interaction<br \/>\u2022 Recognizing and overcoming cultural stereotypes and biases<br \/>\u2022 Strategies for navigating Slovenian social and professional norms<br \/>\u2022 Managing and resolving cross-cultural misunderstandings<br \/>\u2022 Practical exercises and case studies tailored to real-life scenarios in Slovenia<\/p>\n<p><strong>Training Duration:<\/strong><\/p>\n<p>4-8 hours (training is customized to meet the specific needs of your organization).<\/p>\n<p>[\/et_pb_text][\/et_pb_column][\/et_pb_row][et_pb_row _builder_version=&#8221;4.27.0&#8243; _module_preset=&#8221;default&#8221; width=&#8221;90%&#8221; max_width=&#8221;2000px&#8221; custom_padding=&#8221;35px|||||&#8221; global_colors_info=&#8221;{}&#8221;][et_pb_column type=&#8221;4_4&#8243; _builder_version=&#8221;4.27.0&#8243; _module_preset=&#8221;default&#8221; global_colors_info=&#8221;{}&#8221;][et_pb_image src=&#8221;https:\/\/tinaban.com\/en\/wp-content\/uploads\/2024\/12\/Tina-crta-barvno-manjsa-roza.png&#8221; title_text=&#8221;Tina \u010drta barvno manj\u0161a ro\u017ea&#8221; _builder_version=&#8221;4.27.0&#8243; _module_preset=&#8221;default&#8221; global_colors_info=&#8221;{}&#8221;][\/et_pb_image][\/et_pb_column][\/et_pb_row][\/et_pb_section][et_pb_section fb_built=&#8221;1&#8243; admin_label=&#8221;About&#8221; _builder_version=&#8221;4.20.0&#8243; _module_preset=&#8221;default&#8221; background_color=&#8221;gcid-1c7f682d-c09a-42e9-8b1c-535ba676533f&#8221; custom_margin=&#8221;||||false|false&#8221; custom_padding=&#8221;0px||0px||true|false&#8221; collapsed=&#8221;on&#8221; global_colors_info=&#8221;{%22gcid-1c7f682d-c09a-42e9-8b1c-535ba676533f%22:%91%22background_color%22%93}&#8221;][et_pb_row _builder_version=&#8221;4.27.0&#8243; _module_preset=&#8221;default&#8221; global_colors_info=&#8221;{}&#8221;][et_pb_column type=&#8221;4_4&#8243; _builder_version=&#8221;4.27.0&#8243; _module_preset=&#8221;default&#8221; global_colors_info=&#8221;{}&#8221;][et_pb_button button_url=&#8221;https:\/\/tinaban.com\/en\/kontakt\/&#8221; url_new_window=&#8221;on&#8221; button_text=&#8221;GET IN TOUCH&#8221; button_alignment=&#8221;center&#8221; _builder_version=&#8221;4.27.0&#8243; _module_preset=&#8221;default&#8221; custom_button=&#8221;on&#8221; button_text_size=&#8221;17px&#8221; button_text_color=&#8221;#FFFFFF&#8221; button_bg_color=&#8221;#B3775F&#8221; button_border_width=&#8221;12px&#8221; button_border_color=&#8221;#B3775F&#8221; button_border_radius=&#8221;100px&#8221; button_letter_spacing=&#8221;0px&#8221; button_font=&#8221;Belleza|700||on|||||&#8221; hover_enabled=&#8221;0&#8243; global_colors_info=&#8221;{}&#8221; sticky_enabled=&#8221;0&#8243;][\/et_pb_button][\/et_pb_column][\/et_pb_row][\/et_pb_section]<\/p>\n","protected":false},"excerpt":{"rendered":"<p>BRIDGING BORDERSCross-cultural Training for Navigating Business and Culture in Slovenia For foreigners who are living or doing business in Slovenia, effective cross-cultural communication is key to creating strong relationships and meaningful connections. Our training provides the tools to navigate Slovenian culture, challenge stereotypes, and communicate clearly with local residents, businesses, and public institutions. You\u2019ll gain [&hellip;]<\/p>\n","protected":false},"author":1,"featured_media":0,"parent":0,"menu_order":0,"comment_status":"closed","ping_status":"closed","template":"","meta":{"_et_pb_use_builder":"on","_et_pb_old_content":"","_et_gb_content_width":"","footnotes":""},"class_list":["post-378","page","type-page","status-publish","hentry"],"_links":{"self":[{"href":"https:\/\/tinaban.com\/en\/wp-json\/wp\/v2\/pages\/378","targetHints":{"allow":["GET"]}}],"collection":[{"href":"https:\/\/tinaban.com\/en\/wp-json\/wp\/v2\/pages"}],"about":[{"href":"https:\/\/tinaban.com\/en\/wp-json\/wp\/v2\/types\/page"}],"author":[{"embeddable":true,"href":"https:\/\/tinaban.com\/en\/wp-json\/wp\/v2\/users\/1"}],"replies":[{"embeddable":true,"href":"https:\/\/tinaban.com\/en\/wp-json\/wp\/v2\/comments?post=378"}],"version-history":[{"count":6,"href":"https:\/\/tinaban.com\/en\/wp-json\/wp\/v2\/pages\/378\/revisions"}],"predecessor-version":[{"id":407,"href":"https:\/\/tinaban.com\/en\/wp-json\/wp\/v2\/pages\/378\/revisions\/407"}],"wp:attachment":[{"href":"https:\/\/tinaban.com\/en\/wp-json\/wp\/v2\/media?parent=378"}],"curies":[{"name":"wp","href":"https:\/\/api.w.org\/{rel}","templated":true}]}}